{"id":118,"date":"2024-07-15T14:08:07","date_gmt":"2024-07-15T12:08:07","guid":{"rendered":"https:\/\/eparticipation.eplusproject.eu\/ep2\/?page_id=118"},"modified":"2024-07-17T10:41:44","modified_gmt":"2024-07-17T08:41:44","slug":"nesletters-2","status":"publish","type":"page","link":"https:\/\/eparticipation.eplusproject.eu\/ep2\/nesletters-2\/","title":{"rendered":"NEWSLETTERS"},"content":{"rendered":"\t\t<div data-elementor-type=\"wp-page\" data-elementor-id=\"118\" class=\"elementor elementor-118\">\n\t\t\t\t<div class=\"elementor-element elementor-element-aa92028 e-flex e-con-boxed e-con e-parent\" data-id=\"aa92028\" data-element_type=\"container\">\n\t\t\t\t\t<div class=\"e-con-inner\">\n\t\t<div class=\"elementor-element elementor-element-774ede3 e-con-full e-flex e-con e-child\" data-id=\"774ede3\" data-element_type=\"container\">\n\t\t\t\t<div class=\"elementor-element elementor-element-496b9f4 elementor-widget elementor-widget-heading\" data-id=\"496b9f4\" data-element_type=\"widget\" data-widget_type=\"heading.default\">\n\t\t\t\t<div class=\"elementor-widget-container\">\n\t\t\t<h2 class=\"elementor-heading-title elementor-size-default\">1st - March 2021<\/h2>\t\t<\/div>\n\t\t\t\t<\/div>\n\t\t\t\t<div class=\"elementor-element elementor-element-984126f elementor-widget elementor-widget-image\" data-id=\"984126f\" data-element_type=\"widget\" data-widget_type=\"image.default\">\n\t\t\t\t<div class=\"elementor-widget-container\">\n\t\t\t\t\t\t\t\t\t\t\t\t\t<img fetchpriority=\"high\" decoding=\"async\" width=\"768\" height=\"1024\" src=\"https:\/\/eparticipation.eplusproject.eu\/ep2\/wp-content\/uploads\/2024\/07\/march20211-768x1024.png\" class=\"attachment-medium_large size-medium_large wp-image-120\" alt=\"The e-Particiation project begins\" srcset=\"https:\/\/eparticipation.eplusproject.eu\/ep2\/wp-content\/uploads\/2024\/07\/march20211-768x1024.png 768w, https:\/\/eparticipation.eplusproject.eu\/ep2\/wp-content\/uploads\/2024\/07\/march20211-225x300.png 225w, https:\/\/eparticipation.eplusproject.eu\/ep2\/wp-content\/uploads\/2024\/07\/march20211-1152x1536.png 1152w, https:\/\/eparticipation.eplusproject.eu\/ep2\/wp-content\/uploads\/2024\/07\/march20211.png 1436w\" sizes=\"(max-width: 768px) 100vw, 768px\" \/>\t\t\t\t\t\t\t\t\t\t\t\t\t<\/div>\n\t\t\t\t<\/div>\n\t\t\t\t<div class=\"elementor-element elementor-element-e4a2db3 elementor-align-justify elementor-widget elementor-widget-button\" data-id=\"e4a2db3\" data-element_type=\"widget\" data-widget_type=\"button.default\">\n\t\t\t\t<div class=\"elementor-widget-container\">\n\t\t\t\t\t\t\t<div class=\"elementor-button-wrapper\">\n\t\t\t\t\t<a class=\"elementor-button elementor-button-link elementor-size-sm\" href=\"https:\/\/issuu.com\/eparticipation\/docs\/march2021\" target=\"_blank\">\n\t\t\t\t\t\t<span class=\"elementor-button-content-wrapper\">\n\t\t\t\t\t\t\t\t\t<span class=\"elementor-button-text\">English<\/span>\n\t\t\t\t\t<\/span>\n\t\t\t\t\t<\/a>\n\t\t\t\t<\/div>\n\t\t\t\t\t\t<\/div>\n\t\t\t\t<\/div>\n\t\t\t\t<div class=\"elementor-element elementor-element-1814841 elementor-align-justify elementor-widget elementor-widget-button\" data-id=\"1814841\" data-element_type=\"widget\" data-widget_type=\"button.default\">\n\t\t\t\t<div class=\"elementor-widget-container\">\n\t\t\t\t\t\t\t<div class=\"elementor-button-wrapper\">\n\t\t\t\t\t<a class=\"elementor-button elementor-button-link elementor-size-sm\" href=\"https:\/\/issuu.com\/eparticipation\/docs\/01_newsletter_es\" target=\"_blank\">\n\t\t\t\t\t\t<span class=\"elementor-button-content-wrapper\">\n\t\t\t\t\t\t\t\t\t<span class=\"elementor-button-text\">Castellano<\/span>\n\t\t\t\t\t<\/span>\n\t\t\t\t\t<\/a>\n\t\t\t\t<\/div>\n\t\t\t\t\t\t<\/div>\n\t\t\t\t<\/div>\n\t\t\t\t<div class=\"elementor-element elementor-element-b156a47 elementor-align-justify elementor-widget elementor-widget-button\" data-id=\"b156a47\" data-element_type=\"widget\" data-widget_type=\"button.default\">\n\t\t\t\t<div class=\"elementor-widget-container\">\n\t\t\t\t\t\t\t<div class=\"elementor-button-wrapper\">\n\t\t\t\t\t<a class=\"elementor-button elementor-button-link elementor-size-sm\" href=\"https:\/\/issuu.com\/eparticipation\/docs\/01_newsletter_pt\" target=\"_blank\">\n\t\t\t\t\t\t<span class=\"elementor-button-content-wrapper\">\n\t\t\t\t\t\t\t\t\t<span class=\"elementor-button-text\">Portug\u00eas<\/span>\n\t\t\t\t\t<\/span>\n\t\t\t\t\t<\/a>\n\t\t\t\t<\/div>\n\t\t\t\t\t\t<\/div>\n\t\t\t\t<\/div>\n\t\t\t\t<\/div>\n\t\t<div class=\"elementor-element elementor-element-8bc8daa e-con-full e-flex e-con e-child\" data-id=\"8bc8daa\" data-element_type=\"container\">\n\t\t\t\t<div class=\"elementor-element elementor-element-c52e13b elementor-widget elementor-widget-heading\" data-id=\"c52e13b\" data-element_type=\"widget\" data-widget_type=\"heading.default\">\n\t\t\t\t<div class=\"elementor-widget-container\">\n\t\t\t<h2 class=\"elementor-heading-title elementor-size-default\">2nd - July 2021<\/h2>\t\t<\/div>\n\t\t\t\t<\/div>\n\t\t\t\t<div class=\"elementor-element elementor-element-66978c2 elementor-widget elementor-widget-image\" data-id=\"66978c2\" data-element_type=\"widget\" data-widget_type=\"image.default\">\n\t\t\t\t<div class=\"elementor-widget-container\">\n\t\t\t\t\t\t\t\t\t\t\t\t\t<img decoding=\"async\" width=\"718\" height=\"957\" src=\"https:\/\/eparticipation.eplusproject.eu\/ep2\/wp-content\/uploads\/2024\/07\/02-newsletter-en.001.jpeg\" class=\"attachment-large size-large wp-image-153\" alt=\"NewsLetter Julio\" srcset=\"https:\/\/eparticipation.eplusproject.eu\/ep2\/wp-content\/uploads\/2024\/07\/02-newsletter-en.001.jpeg 718w, https:\/\/eparticipation.eplusproject.eu\/ep2\/wp-content\/uploads\/2024\/07\/02-newsletter-en.001-225x300.jpeg 225w\" sizes=\"(max-width: 718px) 100vw, 718px\" \/>\t\t\t\t\t\t\t\t\t\t\t\t\t<\/div>\n\t\t\t\t<\/div>\n\t\t\t\t<div class=\"elementor-element elementor-element-d823a2e elementor-align-justify elementor-widget elementor-widget-button\" data-id=\"d823a2e\" data-element_type=\"widget\" data-widget_type=\"button.default\">\n\t\t\t\t<div class=\"elementor-widget-container\">\n\t\t\t\t\t\t\t<div class=\"elementor-button-wrapper\">\n\t\t\t\t\t<a class=\"elementor-button elementor-button-link elementor-size-sm\" href=\"https:\/\/issuu.com\/eparticipation\/docs\/02newsletteren\" target=\"_blank\">\n\t\t\t\t\t\t<span class=\"elementor-button-content-wrapper\">\n\t\t\t\t\t\t\t\t\t<span class=\"elementor-button-text\">English<\/span>\n\t\t\t\t\t<\/span>\n\t\t\t\t\t<\/a>\n\t\t\t\t<\/div>\n\t\t\t\t\t\t<\/div>\n\t\t\t\t<\/div>\n\t\t\t\t<div class=\"elementor-element elementor-element-5d1a887 elementor-align-justify elementor-widget elementor-widget-button\" data-id=\"5d1a887\" data-element_type=\"widget\" data-widget_type=\"button.default\">\n\t\t\t\t<div class=\"elementor-widget-container\">\n\t\t\t\t\t\t\t<div class=\"elementor-button-wrapper\">\n\t\t\t\t\t<a class=\"elementor-button elementor-button-link elementor-size-sm\" href=\"https:\/\/issuu.com\/eparticipation\/docs\/02newsletteres\" target=\"_blank\">\n\t\t\t\t\t\t<span class=\"elementor-button-content-wrapper\">\n\t\t\t\t\t\t\t\t\t<span class=\"elementor-button-text\">Castellano<\/span>\n\t\t\t\t\t<\/span>\n\t\t\t\t\t<\/a>\n\t\t\t\t<\/div>\n\t\t\t\t\t\t<\/div>\n\t\t\t\t<\/div>\n\t\t\t\t<div class=\"elementor-element elementor-element-2fe7df4 elementor-align-justify elementor-widget elementor-widget-button\" data-id=\"2fe7df4\" data-element_type=\"widget\" data-widget_type=\"button.default\">\n\t\t\t\t<div class=\"elementor-widget-container\">\n\t\t\t\t\t\t\t<div class=\"elementor-button-wrapper\">\n\t\t\t\t\t<a class=\"elementor-button elementor-button-link elementor-size-sm\" href=\"https:\/\/issuu.com\/eparticipation\/docs\/02newsletterpt\" target=\"_blank\">\n\t\t\t\t\t\t<span class=\"elementor-button-content-wrapper\">\n\t\t\t\t\t\t\t\t\t<span class=\"elementor-button-text\">Portug\u00eas<\/span>\n\t\t\t\t\t<\/span>\n\t\t\t\t\t<\/a>\n\t\t\t\t<\/div>\n\t\t\t\t\t\t<\/div>\n\t\t\t\t<\/div>\n\t\t\t\t<\/div>\n\t\t<div class=\"elementor-element elementor-element-3f39bfc e-con-full e-flex e-con e-child\" data-id=\"3f39bfc\" data-element_type=\"container\">\n\t\t\t\t<div class=\"elementor-element elementor-element-c9cf04d elementor-widget__width-initial elementor-widget elementor-widget-heading\" data-id=\"c9cf04d\" data-element_type=\"widget\" data-widget_type=\"heading.default\">\n\t\t\t\t<div class=\"elementor-widget-container\">\n\t\t\t<h2 class=\"elementor-heading-title elementor-size-default\">3rd- November 2021<\/h2>\t\t<\/div>\n\t\t\t\t<\/div>\n\t\t\t\t<div class=\"elementor-element elementor-element-1c79e3d elementor-widget elementor-widget-image\" data-id=\"1c79e3d\" data-element_type=\"widget\" data-widget_type=\"image.default\">\n\t\t\t\t<div class=\"elementor-widget-container\">\n\t\t\t\t\t\t\t\t\t\t\t\t\t<img decoding=\"async\" width=\"691\" height=\"920\" src=\"https:\/\/eparticipation.eplusproject.eu\/ep2\/wp-content\/uploads\/2024\/07\/nl3.png\" class=\"attachment-large size-large wp-image-415\" alt=\"newsletter November\" srcset=\"https:\/\/eparticipation.eplusproject.eu\/ep2\/wp-content\/uploads\/2024\/07\/nl3.png 691w, https:\/\/eparticipation.eplusproject.eu\/ep2\/wp-content\/uploads\/2024\/07\/nl3-225x300.png 225w\" sizes=\"(max-width: 691px) 100vw, 691px\" \/>\t\t\t\t\t\t\t\t\t\t\t\t\t<\/div>\n\t\t\t\t<\/div>\n\t\t\t\t<div class=\"elementor-element elementor-element-c7695a2 elementor-align-justify elementor-widget elementor-widget-button\" data-id=\"c7695a2\" data-element_type=\"widget\" data-widget_type=\"button.default\">\n\t\t\t\t<div class=\"elementor-widget-container\">\n\t\t\t\t\t\t\t<div class=\"elementor-button-wrapper\">\n\t\t\t\t\t<a class=\"elementor-button elementor-button-link elementor-size-sm\" href=\"https:\/\/issuu.com\/eparticipation\/docs\/03_newsletter_en\" target=\"_blank\">\n\t\t\t\t\t\t<span class=\"elementor-button-content-wrapper\">\n\t\t\t\t\t\t\t\t\t<span class=\"elementor-button-text\">English<\/span>\n\t\t\t\t\t<\/span>\n\t\t\t\t\t<\/a>\n\t\t\t\t<\/div>\n\t\t\t\t\t\t<\/div>\n\t\t\t\t<\/div>\n\t\t\t\t<div class=\"elementor-element elementor-element-4745193 elementor-align-justify elementor-widget elementor-widget-button\" data-id=\"4745193\" data-element_type=\"widget\" data-widget_type=\"button.default\">\n\t\t\t\t<div class=\"elementor-widget-container\">\n\t\t\t\t\t\t\t<div class=\"elementor-button-wrapper\">\n\t\t\t\t\t<a class=\"elementor-button elementor-button-link elementor-size-sm\" href=\"https:\/\/issuu.com\/eparticipation\/docs\/03_newsletter_es\" target=\"_blank\">\n\t\t\t\t\t\t<span class=\"elementor-button-content-wrapper\">\n\t\t\t\t\t\t\t\t\t<span class=\"elementor-button-text\">Castellano<\/span>\n\t\t\t\t\t<\/span>\n\t\t\t\t\t<\/a>\n\t\t\t\t<\/div>\n\t\t\t\t\t\t<\/div>\n\t\t\t\t<\/div>\n\t\t\t\t<div class=\"elementor-element elementor-element-82a27c0 elementor-align-justify elementor-widget elementor-widget-button\" data-id=\"82a27c0\" data-element_type=\"widget\" data-widget_type=\"button.default\">\n\t\t\t\t<div class=\"elementor-widget-container\">\n\t\t\t\t\t\t\t<div class=\"elementor-button-wrapper\">\n\t\t\t\t\t<a class=\"elementor-button elementor-button-link elementor-size-sm\" href=\"https:\/\/issuu.com\/eparticipation\/docs\/03_newsletter_pt\" target=\"_blank\">\n\t\t\t\t\t\t<span class=\"elementor-button-content-wrapper\">\n\t\t\t\t\t\t\t\t\t<span class=\"elementor-button-text\">Portug\u00eas<\/span>\n\t\t\t\t\t<\/span>\n\t\t\t\t\t<\/a>\n\t\t\t\t<\/div>\n\t\t\t\t\t\t<\/div>\n\t\t\t\t<\/div>\n\t\t\t\t<\/div>\n\t\t<div class=\"elementor-element elementor-element-1492d76 e-con-full e-flex e-con e-child\" data-id=\"1492d76\" data-element_type=\"container\">\n\t\t\t\t<div class=\"elementor-element elementor-element-871ad44 elementor-widget__width-initial elementor-widget elementor-widget-heading\" data-id=\"871ad44\" data-element_type=\"widget\" data-widget_type=\"heading.default\">\n\t\t\t\t<div class=\"elementor-widget-container\">\n\t\t\t<h2 class=\"elementor-heading-title elementor-size-default\">4th - February 2022<\/h2>\t\t<\/div>\n\t\t\t\t<\/div>\n\t\t\t\t<div class=\"elementor-element elementor-element-cc841cb elementor-widget elementor-widget-image\" data-id=\"cc841cb\" data-element_type=\"widget\" data-widget_type=\"image.default\">\n\t\t\t\t<div class=\"elementor-widget-container\">\n\t\t\t\t\t\t\t\t\t\t\t\t\t<img loading=\"lazy\" decoding=\"async\" width=\"700\" height=\"921\" src=\"https:\/\/eparticipation.eplusproject.eu\/ep2\/wp-content\/uploads\/2024\/07\/nl4.png\" class=\"attachment-large size-large wp-image-416\" alt=\"NewsLetter February\" srcset=\"https:\/\/eparticipation.eplusproject.eu\/ep2\/wp-content\/uploads\/2024\/07\/nl4.png 700w, https:\/\/eparticipation.eplusproject.eu\/ep2\/wp-content\/uploads\/2024\/07\/nl4-228x300.png 228w\" sizes=\"(max-width: 700px) 100vw, 700px\" \/>\t\t\t\t\t\t\t\t\t\t\t\t\t<\/div>\n\t\t\t\t<\/div>\n\t\t\t\t<div class=\"elementor-element elementor-element-057d169 elementor-align-justify elementor-widget elementor-widget-button\" data-id=\"057d169\" data-element_type=\"widget\" data-widget_type=\"button.default\">\n\t\t\t\t<div class=\"elementor-widget-container\">\n\t\t\t\t\t\t\t<div class=\"elementor-button-wrapper\">\n\t\t\t\t\t<a class=\"elementor-button elementor-button-link elementor-size-sm\" href=\"https:\/\/issuu.com\/eparticipation\/docs\/04_newsletter_en\" target=\"_blank\">\n\t\t\t\t\t\t<span class=\"elementor-button-content-wrapper\">\n\t\t\t\t\t\t\t\t\t<span class=\"elementor-button-text\">English<\/span>\n\t\t\t\t\t<\/span>\n\t\t\t\t\t<\/a>\n\t\t\t\t<\/div>\n\t\t\t\t\t\t<\/div>\n\t\t\t\t<\/div>\n\t\t\t\t<div class=\"elementor-element elementor-element-f91e966 elementor-align-justify elementor-widget elementor-widget-button\" data-id=\"f91e966\" data-element_type=\"widget\" data-widget_type=\"button.default\">\n\t\t\t\t<div class=\"elementor-widget-container\">\n\t\t\t\t\t\t\t<div class=\"elementor-button-wrapper\">\n\t\t\t\t\t<a class=\"elementor-button elementor-button-link elementor-size-sm\" href=\"https:\/\/issuu.com\/eparticipation\/docs\/04_newsletter_es\" target=\"_blank\">\n\t\t\t\t\t\t<span class=\"elementor-button-content-wrapper\">\n\t\t\t\t\t\t\t\t\t<span class=\"elementor-button-text\">Castellano<\/span>\n\t\t\t\t\t<\/span>\n\t\t\t\t\t<\/a>\n\t\t\t\t<\/div>\n\t\t\t\t\t\t<\/div>\n\t\t\t\t<\/div>\n\t\t\t\t<\/div>\n\t\t\t\t\t<\/div>\n\t\t\t\t<\/div>\n\t\t\t\t<\/div>\n\t\t","protected":false},"excerpt":{"rendered":"<p>1st &#8211; March 2021 English Castellano Portug\u00eas 2nd &#8211; July 2021 English Castellano Portug\u00eas 3rd- November 2021 English Castellano Portug\u00eas 4th &#8211; February 2022 English Castellano<\/p>\n","protected":false},"author":1,"featured_media":0,"parent":0,"menu_order":0,"comment_status":"closed","ping_status":"closed","template":"elementor_header_footer","meta":{"footnotes":""},"class_list":["post-118","page","type-page","status-publish"],"yoast_head":"<!-- This site is optimized with the Yoast SEO plugin v24.0 - https:\/\/yoast.com\/wordpress\/plugins\/seo\/ -->\n<title>NEWSLETTERS - eparticipation<\/title>\n<meta name=\"robots\" content=\"index, follow, max-snippet:-1, max-image-preview:large, max-video-preview:-1\" \/>\n<link rel=\"canonical\" href=\"https:\/\/eparticipation.eplusproject.eu\/nesletters-2\/\" \/>\n<meta property=\"og:locale\" content=\"es_ES\" \/>\n<meta property=\"og:type\" content=\"article\" \/>\n<meta property=\"og:title\" content=\"NEWSLETTERS - eparticipation\" \/>\n<meta property=\"og:description\" content=\"1st &#8211; March 2021 English Castellano Portug\u00eas 2nd &#8211; July 2021 English Castellano Portug\u00eas 3rd- November 2021 English Castellano Portug\u00eas 4th &#8211; February 2022 English Castellano\" \/>\n<meta property=\"og:url\" content=\"https:\/\/eparticipation.eplusproject.eu\/nesletters-2\/\" \/>\n<meta property=\"og:site_name\" content=\"eparticipation\" \/>\n<meta property=\"article:modified_time\" content=\"2024-07-17T08:41:44+00:00\" \/>\n<meta property=\"og:image\" content=\"https:\/\/eparticipation.eplusproject.eu\/wp-content\/uploads\/2024\/07\/march20211-768x1024.png\" \/>\n<meta name=\"twitter:card\" content=\"summary_large_image\" \/>\n<meta name=\"twitter:label1\" content=\"Tiempo de lectura\" \/>\n\t<meta name=\"twitter:data1\" content=\"1 minuto\" \/>\n<script type=\"application\/ld+json\" class=\"yoast-schema-graph\">{\"@context\":\"https:\/\/schema.org\",\"@graph\":[{\"@type\":\"WebPage\",\"@id\":\"https:\/\/eparticipation.eplusproject.eu\/nesletters-2\/\",\"url\":\"https:\/\/eparticipation.eplusproject.eu\/nesletters-2\/\",\"name\":\"NEWSLETTERS - eparticipation\",\"isPartOf\":{\"@id\":\"https:\/\/eparticipation.eplusproject.eu\/#website\"},\"primaryImageOfPage\":{\"@id\":\"https:\/\/eparticipation.eplusproject.eu\/nesletters-2\/#primaryimage\"},\"image\":{\"@id\":\"https:\/\/eparticipation.eplusproject.eu\/nesletters-2\/#primaryimage\"},\"thumbnailUrl\":\"https:\/\/eparticipation.eplusproject.eu\/ep2\/wp-content\/uploads\/2024\/07\/march20211-768x1024.png\",\"datePublished\":\"2024-07-15T12:08:07+00:00\",\"dateModified\":\"2024-07-17T08:41:44+00:00\",\"breadcrumb\":{\"@id\":\"https:\/\/eparticipation.eplusproject.eu\/nesletters-2\/#breadcrumb\"},\"inLanguage\":\"es\",\"potentialAction\":[{\"@type\":\"ReadAction\",\"target\":[\"https:\/\/eparticipation.eplusproject.eu\/nesletters-2\/\"]}]},{\"@type\":\"ImageObject\",\"inLanguage\":\"es\",\"@id\":\"https:\/\/eparticipation.eplusproject.eu\/nesletters-2\/#primaryimage\",\"url\":\"https:\/\/eparticipation.eplusproject.eu\/ep2\/wp-content\/uploads\/2024\/07\/march20211.png\",\"contentUrl\":\"https:\/\/eparticipation.eplusproject.eu\/ep2\/wp-content\/uploads\/2024\/07\/march20211.png\",\"width\":1436,\"height\":1914,\"caption\":\"The e-Particiation project begins\"},{\"@type\":\"BreadcrumbList\",\"@id\":\"https:\/\/eparticipation.eplusproject.eu\/nesletters-2\/#breadcrumb\",\"itemListElement\":[{\"@type\":\"ListItem\",\"position\":1,\"name\":\"Portada\",\"item\":\"https:\/\/eparticipation.eplusproject.eu\/\"},{\"@type\":\"ListItem\",\"position\":2,\"name\":\"NEWSLETTERS\"}]},{\"@type\":\"WebSite\",\"@id\":\"https:\/\/eparticipation.eplusproject.eu\/#website\",\"url\":\"https:\/\/eparticipation.eplusproject.eu\/\",\"name\":\"eparticipation\",\"description\":\"\",\"potentialAction\":[{\"@type\":\"SearchAction\",\"target\":{\"@type\":\"EntryPoint\",\"urlTemplate\":\"https:\/\/eparticipation.eplusproject.eu\/?s={search_term_string}\"},\"query-input\":{\"@type\":\"PropertyValueSpecification\",\"valueRequired\":true,\"valueName\":\"search_term_string\"}}],\"inLanguage\":\"es\"}]}<\/script>\n<!-- \/ Yoast SEO plugin. -->","yoast_head_json":{"title":"NEWSLETTERS - eparticipation","robots":{"index":"index","follow":"follow","max-snippet":"max-snippet:-1","max-image-preview":"max-image-preview:large","max-video-preview":"max-video-preview:-1"},"canonical":"https:\/\/eparticipation.eplusproject.eu\/nesletters-2\/","og_locale":"es_ES","og_type":"article","og_title":"NEWSLETTERS - eparticipation","og_description":"1st &#8211; March 2021 English Castellano Portug\u00eas 2nd &#8211; July 2021 English Castellano Portug\u00eas 3rd- November 2021 English Castellano Portug\u00eas 4th &#8211; February 2022 English Castellano","og_url":"https:\/\/eparticipation.eplusproject.eu\/nesletters-2\/","og_site_name":"eparticipation","article_modified_time":"2024-07-17T08:41:44+00:00","og_image":[{"url":"https:\/\/eparticipation.eplusproject.eu\/wp-content\/uploads\/2024\/07\/march20211-768x1024.png","type":"","width":"","height":""}],"twitter_card":"summary_large_image","twitter_misc":{"Tiempo de lectura":"1 minuto"},"schema":{"@context":"https:\/\/schema.org","@graph":[{"@type":"WebPage","@id":"https:\/\/eparticipation.eplusproject.eu\/nesletters-2\/","url":"https:\/\/eparticipation.eplusproject.eu\/nesletters-2\/","name":"NEWSLETTERS - eparticipation","isPartOf":{"@id":"https:\/\/eparticipation.eplusproject.eu\/#website"},"primaryImageOfPage":{"@id":"https:\/\/eparticipation.eplusproject.eu\/nesletters-2\/#primaryimage"},"image":{"@id":"https:\/\/eparticipation.eplusproject.eu\/nesletters-2\/#primaryimage"},"thumbnailUrl":"https:\/\/eparticipation.eplusproject.eu\/ep2\/wp-content\/uploads\/2024\/07\/march20211-768x1024.png","datePublished":"2024-07-15T12:08:07+00:00","dateModified":"2024-07-17T08:41:44+00:00","breadcrumb":{"@id":"https:\/\/eparticipation.eplusproject.eu\/nesletters-2\/#breadcrumb"},"inLanguage":"es","potentialAction":[{"@type":"ReadAction","target":["https:\/\/eparticipation.eplusproject.eu\/nesletters-2\/"]}]},{"@type":"ImageObject","inLanguage":"es","@id":"https:\/\/eparticipation.eplusproject.eu\/nesletters-2\/#primaryimage","url":"https:\/\/eparticipation.eplusproject.eu\/ep2\/wp-content\/uploads\/2024\/07\/march20211.png","contentUrl":"https:\/\/eparticipation.eplusproject.eu\/ep2\/wp-content\/uploads\/2024\/07\/march20211.png","width":1436,"height":1914,"caption":"The e-Particiation project begins"},{"@type":"BreadcrumbList","@id":"https:\/\/eparticipation.eplusproject.eu\/nesletters-2\/#breadcrumb","itemListElement":[{"@type":"ListItem","position":1,"name":"Portada","item":"https:\/\/eparticipation.eplusproject.eu\/"},{"@type":"ListItem","position":2,"name":"NEWSLETTERS"}]},{"@type":"WebSite","@id":"https:\/\/eparticipation.eplusproject.eu\/#website","url":"https:\/\/eparticipation.eplusproject.eu\/","name":"eparticipation","description":"","potentialAction":[{"@type":"SearchAction","target":{"@type":"EntryPoint","urlTemplate":"https:\/\/eparticipation.eplusproject.eu\/?s={search_term_string}"},"query-input":{"@type":"PropertyValueSpecification","valueRequired":true,"valueName":"search_term_string"}}],"inLanguage":"es"}]}},"_links":{"self":[{"href":"https:\/\/eparticipation.eplusproject.eu\/ep2\/wp-json\/wp\/v2\/pages\/118","targetHints":{"allow":["GET"]}}],"collection":[{"href":"https:\/\/eparticipation.eplusproject.eu\/ep2\/wp-json\/wp\/v2\/pages"}],"about":[{"href":"https:\/\/eparticipation.eplusproject.eu\/ep2\/wp-json\/wp\/v2\/types\/page"}],"author":[{"embeddable":true,"href":"https:\/\/eparticipation.eplusproject.eu\/ep2\/wp-json\/wp\/v2\/users\/1"}],"replies":[{"embeddable":true,"href":"https:\/\/eparticipation.eplusproject.eu\/ep2\/wp-json\/wp\/v2\/comments?post=118"}],"version-history":[{"count":17,"href":"https:\/\/eparticipation.eplusproject.eu\/ep2\/wp-json\/wp\/v2\/pages\/118\/revisions"}],"predecessor-version":[{"id":469,"href":"https:\/\/eparticipation.eplusproject.eu\/ep2\/wp-json\/wp\/v2\/pages\/118\/revisions\/469"}],"wp:attachment":[{"href":"https:\/\/eparticipation.eplusproject.eu\/ep2\/wp-json\/wp\/v2\/media?parent=118"}],"curies":[{"name":"wp","href":"https:\/\/api.w.org\/{rel}","templated":true}]}}